{"id":20,"date":"2025-02-19T14:57:51","date_gmt":"2025-02-19T17:57:51","guid":{"rendered":"https:\/\/ngplast.com.br\/?page_id=20"},"modified":"2025-03-14T06:07:23","modified_gmt":"2025-03-14T09:07:23","slug":"sobre-nos","status":"publish","type":"page","link":"https:\/\/ngplast.com.br\/?page_id=20","title":{"rendered":"Sobre N\u00f3s"},"content":{"rendered":"\t\t<div data-elementor-type=\"wp-page\" data-elementor-id=\"20\" class=\"elementor elementor-20\" data-elementor-post-type=\"page\">\n\t\t\t\t<div class=\"elementor-element elementor-element-10d6288 e-flex e-con-boxed e-con e-parent\" data-id=\"10d6288\" data-element_type=\"container\" data-settings=\"{&quot;background_background&quot;:&quot;classic&quot;}\">\n\t\t\t\t\t<div class=\"e-con-inner\">\n\t\t\t\t<div class=\"elementor-element elementor-element-c9f9f48 elementor-widget elementor-widget-heading\" data-id=\"c9f9f48\" data-element_type=\"widget\" data-widget_type=\"heading.default\">\n\t\t\t\t<div class=\"elementor-widget-container\">\n\t\t\t\t\t<h2 class=\"elementor-heading-title elementor-size-default\">Nossa Empresa<\/h2>\t\t\t\t<\/div>\n\t\t\t\t<\/div>\n\t\t\t\t\t<\/div>\n\t\t\t\t<\/div>\n\t\t<div class=\"elementor-element elementor-element-af49c9c e-flex e-con-boxed e-con e-parent\" data-id=\"af49c9c\" data-element_type=\"container\" data-settings=\"{&quot;background_background&quot;:&quot;classic&quot;}\">\n\t\t\t\t\t<div class=\"e-con-inner\">\n\t\t<div class=\"elementor-element elementor-element-099f06b e-con-full e-flex e-con e-child\" data-id=\"099f06b\" data-element_type=\"container\">\n\t\t\t\t<div class=\"elementor-element elementor-element-5377a9e elementor-widget elementor-widget-text-editor\" data-id=\"5377a9e\" data-element_type=\"widget\" data-widget_type=\"text-editor.default\">\n\t\t\t\t<div class=\"elementor-widget-container\">\n\t\t\t\t\t\t\t\t\t<p class=\"cvGsUA direction-ltr align-start para-style-body\">A Nova Gera\u00e7\u00e3o Produtos Pl\u00e1sticos \u00e9 refer\u00eancia no mercado de pl\u00e1sticos, oferecendo produtos de alta qualidade para diversos segmentos. Com um compromisso cont\u00ednuo com inova\u00e7\u00e3o, sustentabilidade e excel\u00eancia, buscamos atender \u00e0s necessidades dos nossos clientes com solu\u00e7\u00f5es eficientes.<\/p>\t\t\t\t\t\t\t\t<\/div>\n\t\t\t\t<\/div>\n\t\t\t\t<\/div>\n\t\t<div class=\"elementor-element elementor-element-323b2ed e-con-full e-flex e-con e-child\" data-id=\"323b2ed\" data-element_type=\"container\">\n\t\t\t\t<div class=\"elementor-element elementor-element-c969ef5 elementor-invisible elementor-widget elementor-widget-image\" data-id=\"c969ef5\" data-element_type=\"widget\" data-settings=\"{&quot;_animation&quot;:&quot;fadeIn&quot;}\" data-widget_type=\"image.default\">\n\t\t\t\t<div class=\"elementor-widget-container\">\n\t\t\t\t\t\t\t\t\t\t\t\t\t\t\t<img fetchpriority=\"high\" decoding=\"async\" width=\"800\" height=\"414\" src=\"https:\/\/ngplast.com.br\/wp-content\/uploads\/2025\/02\/Logo-NG-site-1024x530.webp\" class=\"attachment-large size-large wp-image-26\" alt=\"\" srcset=\"https:\/\/ngplast.com.br\/wp-content\/uploads\/2025\/02\/Logo-NG-site-1024x530.webp 1024w, https:\/\/ngplast.com.br\/wp-content\/uploads\/2025\/02\/Logo-NG-site-300x155.webp 300w, https:\/\/ngplast.com.br\/wp-content\/uploads\/2025\/02\/Logo-NG-site-768x397.webp 768w, https:\/\/ngplast.com.br\/wp-content\/uploads\/2025\/02\/Logo-NG-site.webp 1375w\" sizes=\"(max-width: 800px) 100vw, 800px\" \/>\t\t\t\t\t\t\t\t\t\t\t\t\t\t\t<\/div>\n\t\t\t\t<\/div>\n\t\t\t\t<\/div>\n\t\t\t\t\t<\/div>\n\t\t\t\t<\/div>\n\t\t<div class=\"elementor-element elementor-element-a2519e4 e-flex e-con-boxed e-con e-parent\" data-id=\"a2519e4\" data-element_type=\"container\" data-settings=\"{&quot;background_background&quot;:&quot;classic&quot;}\">\n\t\t\t\t\t<div class=\"e-con-inner\">\n\t\t<div class=\"elementor-element elementor-element-4ed6f94 e-con-full e-flex elementor-invisible e-con e-child\" data-id=\"4ed6f94\" data-element_type=\"container\" data-settings=\"{&quot;background_background&quot;:&quot;classic&quot;,&quot;animation&quot;:&quot;fadeInLeft&quot;}\">\n\t\t\t\t<div class=\"elementor-element elementor-element-e29cfa1 elementor-widget elementor-widget-heading\" data-id=\"e29cfa1\" data-element_type=\"widget\" data-widget_type=\"heading.default\">\n\t\t\t\t<div class=\"elementor-widget-container\">\n\t\t\t\t\t<h2 class=\"elementor-heading-title elementor-size-default\">Miss\u00e3o<\/h2>\t\t\t\t<\/div>\n\t\t\t\t<\/div>\n\t\t\t\t<div class=\"elementor-element elementor-element-aa39520 elementor-widget elementor-widget-text-editor\" data-id=\"aa39520\" data-element_type=\"widget\" data-widget_type=\"text-editor.default\">\n\t\t\t\t<div class=\"elementor-widget-container\">\n\t\t\t\t\t\t\t\t\t<p><span class=\"OYPEnA text-decoration-none text-strikethrough-none\">Dispor de um leque de produtos com elevado padr\u00e3o de qualidade, al\u00e9m de atender a expectativa de clientes e parceiros.<\/span><br><\/p>\t\t\t\t\t\t\t\t<\/div>\n\t\t\t\t<\/div>\n\t\t\t\t<\/div>\n\t\t<div class=\"elementor-element elementor-element-4e3a500 e-con-full e-flex elementor-invisible e-con e-child\" data-id=\"4e3a500\" data-element_type=\"container\" data-settings=\"{&quot;background_background&quot;:&quot;classic&quot;,&quot;animation&quot;:&quot;fadeInLeft&quot;}\">\n\t\t\t\t<div class=\"elementor-element elementor-element-028165c elementor-widget elementor-widget-heading\" data-id=\"028165c\" data-element_type=\"widget\" data-widget_type=\"heading.default\">\n\t\t\t\t<div class=\"elementor-widget-container\">\n\t\t\t\t\t<h2 class=\"elementor-heading-title elementor-size-default\">Vis\u00e3o<\/h2>\t\t\t\t<\/div>\n\t\t\t\t<\/div>\n\t\t\t\t<div class=\"elementor-element elementor-element-a10451d elementor-widget elementor-widget-text-editor\" data-id=\"a10451d\" data-element_type=\"widget\" data-widget_type=\"text-editor.default\">\n\t\t\t\t<div class=\"elementor-widget-container\">\n\t\t\t\t\t\t\t\t\t<p><span class=\"OYPEnA text-decoration-none text-strikethrough-none\">Atingir e permanecer no topo da ind\u00fastria brasileira no segmento de lonas pl\u00e1sticas, filme stretch e derivados.<\/span><\/p>\t\t\t\t\t\t\t\t<\/div>\n\t\t\t\t<\/div>\n\t\t\t\t<\/div>\n\t\t<div class=\"elementor-element elementor-element-1d1d477 e-con-full e-flex elementor-invisible e-con e-child\" data-id=\"1d1d477\" data-element_type=\"container\" data-settings=\"{&quot;background_background&quot;:&quot;classic&quot;,&quot;animation&quot;:&quot;fadeInLeft&quot;}\">\n\t\t\t\t<div class=\"elementor-element elementor-element-4b4eabe elementor-widget elementor-widget-heading\" data-id=\"4b4eabe\" data-element_type=\"widget\" data-widget_type=\"heading.default\">\n\t\t\t\t<div class=\"elementor-widget-container\">\n\t\t\t\t\t<h2 class=\"elementor-heading-title elementor-size-default\">Valores<\/h2>\t\t\t\t<\/div>\n\t\t\t\t<\/div>\n\t\t\t\t<div class=\"elementor-element elementor-element-c84cf93 elementor-widget elementor-widget-text-editor\" data-id=\"c84cf93\" data-element_type=\"widget\" data-widget_type=\"text-editor.default\">\n\t\t\t\t<div class=\"elementor-widget-container\">\n\t\t\t\t\t\t\t\t\t<p><span class=\"OYPEnA text-decoration-none text-strikethrough-none\">Manter n\u00edveis elevados de administra\u00e7\u00e3o e atendimento, assegurando a notoriedade j\u00e1 obtida no mercado.<\/span><\/p>\t\t\t\t\t\t\t\t<\/div>\n\t\t\t\t<\/div>\n\t\t\t\t<\/div>\n\t\t\t\t\t<\/div>\n\t\t\t\t<\/div>\n\t\t\t\t<\/div>\n\t\t","protected":false},"excerpt":{"rendered":"<p>Nossa Empresa A Nova Gera\u00e7\u00e3o Produtos Pl\u00e1sticos \u00e9 refer\u00eancia no mercado de pl\u00e1sticos, oferecendo produtos de alta qualidade para diversos segmentos. Com um compromisso cont\u00ednuo com inova\u00e7\u00e3o, sustentabilidade e excel\u00eancia, buscamos atender \u00e0s necessidades dos nossos clientes com solu\u00e7\u00f5es eficientes. Miss\u00e3o Dispor de um leque de produtos com elevado padr\u00e3o de qualidade, al\u00e9m de atender [&hellip;]<\/p>\n","protected":false},"author":1,"featured_media":0,"parent":0,"menu_order":0,"comment_status":"closed","ping_status":"closed","template":"elementor_header_footer","meta":{"footnotes":""},"class_list":["post-20","page","type-page","status-publish","hentry"],"_links":{"self":[{"href":"https:\/\/ngplast.com.br\/index.php?rest_route=\/wp\/v2\/pages\/20","targetHints":{"allow":["GET"]}}],"collection":[{"href":"https:\/\/ngplast.com.br\/index.php?rest_route=\/wp\/v2\/pages"}],"about":[{"href":"https:\/\/ngplast.com.br\/index.php?rest_route=\/wp\/v2\/types\/page"}],"author":[{"embeddable":true,"href":"https:\/\/ngplast.com.br\/index.php?rest_route=\/wp\/v2\/users\/1"}],"replies":[{"embeddable":true,"href":"https:\/\/ngplast.com.br\/index.php?rest_route=%2Fwp%2Fv2%2Fcomments&post=20"}],"version-history":[{"count":7,"href":"https:\/\/ngplast.com.br\/index.php?rest_route=\/wp\/v2\/pages\/20\/revisions"}],"predecessor-version":[{"id":107,"href":"https:\/\/ngplast.com.br\/index.php?rest_route=\/wp\/v2\/pages\/20\/revisions\/107"}],"wp:attachment":[{"href":"https:\/\/ngplast.com.br\/index.php?rest_route=%2Fwp%2Fv2%2Fmedia&parent=20"}],"curies":[{"name":"wp","href":"https:\/\/api.w.org\/{rel}","templated":true}]}}